{"id":267,"date":"2025-02-10T19:45:25","date_gmt":"2025-02-10T22:45:25","guid":{"rendered":"https:\/\/fundacionlibremente.org.ar\/?page_id=267"},"modified":"2025-02-10T19:45:26","modified_gmt":"2025-02-10T22:45:26","slug":"quienes-somos","status":"publish","type":"page","link":"https:\/\/fundacionlibremente.org.ar\/?page_id=267","title":{"rendered":"\u00bfQUIENES SOMOS?"},"content":{"rendered":"\n<p>En Fundaci\u00f3n LibreMente, promovemos el desarrollo de un esp\u00edritu creativo en cada individuo, fundamentado en el valor de la libertad, dentro de un marco de responsabilidad y respeto. Fomentamos y estimulamos su crecimiento cultural y superaci\u00f3n intelectual a trav\u00e9s de la tolerancia, el esfuerzo y el trabajo.<\/p>\n\n\n\n<p>Nuestro objetivo es educar para fortalecer al individuo, la sociedad y, por ende, al pa\u00eds.<\/p>\n\n\n\n<p>Para cumplir con nuestra misi\u00f3n, nos proponemos:<\/p>\n\n\n\n<ul class=\"wp-block-list\">\n<li>Realizar actividades acad\u00e9micas sobre temas econ\u00f3micos, pol\u00edticos, jur\u00eddicos, contables, tecnol\u00f3gicos, cient\u00edficos, hist\u00f3ricos y educativos.<\/li>\n\n\n\n<li>Desarrollar investigaciones, estudios y publicaciones en los campos mencionados.<\/li>\n\n\n\n<li>Establecer relaciones con otras entidades que promuevan objetivos afines, desplegando e impulsando actividades en conjunto.<\/li>\n<\/ul>\n","protected":false},"excerpt":{"rendered":"<p>En Fundaci\u00f3n LibreMente, promovemos el desarrollo de un esp\u00edritu creativo en cada individuo, fundamentado en el valor de la libertad, dentro de un marco de responsabilidad y respeto. Fomentamos y estimulamos su crecimiento cultural y superaci\u00f3n intelectual a trav\u00e9s de la tolerancia, el esfuerzo y el trabajo. Nuestro objetivo es educar para fortalecer al individuo, [&hellip;]<\/p>\n","protected":false},"author":2,"featured_media":0,"parent":0,"menu_order":0,"comment_status":"closed","ping_status":"closed","template":"","meta":{"footnotes":""},"class_list":["post-267","page","type-page","status-publish","hentry"],"_links":{"self":[{"href":"https:\/\/fundacionlibremente.org.ar\/index.php?rest_route=\/wp\/v2\/pages\/267","targetHints":{"allow":["GET"]}}],"collection":[{"href":"https:\/\/fundacionlibremente.org.ar\/index.php?rest_route=\/wp\/v2\/pages"}],"about":[{"href":"https:\/\/fundacionlibremente.org.ar\/index.php?rest_route=\/wp\/v2\/types\/page"}],"author":[{"embeddable":true,"href":"https:\/\/fundacionlibremente.org.ar\/index.php?rest_route=\/wp\/v2\/users\/2"}],"replies":[{"embeddable":true,"href":"https:\/\/fundacionlibremente.org.ar\/index.php?rest_route=%2Fwp%2Fv2%2Fcomments&post=267"}],"version-history":[{"count":1,"href":"https:\/\/fundacionlibremente.org.ar\/index.php?rest_route=\/wp\/v2\/pages\/267\/revisions"}],"predecessor-version":[{"id":289,"href":"https:\/\/fundacionlibremente.org.ar\/index.php?rest_route=\/wp\/v2\/pages\/267\/revisions\/289"}],"wp:attachment":[{"href":"https:\/\/fundacionlibremente.org.ar\/index.php?rest_route=%2Fwp%2Fv2%2Fmedia&parent=267"}],"curies":[{"name":"wp","href":"https:\/\/api.w.org\/{rel}","templated":true}]}}